{"id":2199,"date":"2024-03-07T20:11:40","date_gmt":"2024-03-07T18:11:40","guid":{"rendered":"https:\/\/alumninelamaa.fi\/?page_id=2199"},"modified":"2024-08-20T15:13:45","modified_gmt":"2024-08-20T12:13:45","slug":"kannatusjasenyys-yrityksille","status":"publish","type":"page","link":"https:\/\/alumninelamaa.fi\/en\/kannatusjasenyys-yrityksille\/","title":{"rendered":"Kannatusj\u00e4senyys yrityksille"},"content":{"rendered":"<figure class=\"wp-block-image size-large\"><a href=\"https:\/\/alumninelamaa.fi\/wp-content\/uploads\/2024\/03\/kannatusjasenyys-yrityksille-1.png\"><img loading=\"lazy\" decoding=\"async\" width=\"1024\" height=\"213\" src=\"https:\/\/alumninelamaa.fi\/wp-content\/uploads\/2024\/03\/kannatusjasenyys-yrityksille-1-1024x213.png\" alt=\"\" class=\"wp-image-2194\" srcset=\"https:\/\/alumninelamaa.fi\/wp-content\/uploads\/2024\/03\/kannatusjasenyys-yrityksille-1-1024x213.png 1024w, https:\/\/alumninelamaa.fi\/wp-content\/uploads\/2024\/03\/kannatusjasenyys-yrityksille-1-300x63.png 300w, https:\/\/alumninelamaa.fi\/wp-content\/uploads\/2024\/03\/kannatusjasenyys-yrityksille-1-768x160.png 768w, https:\/\/alumninelamaa.fi\/wp-content\/uploads\/2024\/03\/kannatusjasenyys-yrityksille-1-1536x320.png 1536w, https:\/\/alumninelamaa.fi\/wp-content\/uploads\/2024\/03\/kannatusjasenyys-yrityksille-1-18x4.png 18w, https:\/\/alumninelamaa.fi\/wp-content\/uploads\/2024\/03\/kannatusjasenyys-yrityksille-1.png 1920w\" sizes=\"auto, (max-width: 1024px) 100vw, 1024px\" \/><\/a><\/figure>\n\n\n\n<p><\/p>\n\n\n\n<p><strong>Yritt\u00e4j\u00e4, tule kannatusj\u00e4seneksi!<\/strong><\/p>\n\n\n\n<p>Proakatemian alumniyhdistys edist\u00e4\u00e4 alumnien sek\u00e4 nykyisten yritt\u00e4jyyden ja tiimijohtamisen tradenomiopiskelijoiden yhteisty\u00f6t\u00e4. Alumniyhdistyksen toiminnan keski\u00f6ss\u00e4 ovat verkostoituminen ja yritt\u00e4jyyskasvatus.<\/p>\n\n\n\n<p>Alumniyhdistyksen toimintaan kuuluvat mm.<\/p>\n\n\n\n<ul class=\"wp-block-list\">\n<li>Mentorointiohjelma, joka yhdist\u00e4\u00e4 opiskelijoita ja alumneja lukuvuoden mittaisiksi mentorointipareiksi.<\/li>\n\n\n\n<li>Alumnipajat, useamman kerran vuodessa vaihtuvilla teemoilla.<\/li>\n\n\n\n<li>Akatemia-afterit muutaman kerran vuodessa.<\/li>\n\n\n\n<li>Muu Proakatemian tiimiyritt\u00e4jien ja alumnien v\u00e4lisen yhteisty\u00f6n edist\u00e4minen.<\/li>\n<\/ul>\n\n\n\n<p>Yrityksille tarjoamamme kannatusj\u00e4senyys toimii \u201cmaksa, mit\u00e4 jaksat\u201d -periaatteella. L\u00e4htek\u00e4\u00e4 siis mukaan valitsemallanne summalla &#8211; samalla tuette nuorten yritt\u00e4jien verkostoa ja p\u00e4\u00e4sette verkostoitumaan tulevaisuuden osaajien kanssa!<\/p>\n\n\n\n<p><strong>If you want to join as a company as a supporting member of the alumni association, please contact us <a href=\"mailto:alumninelamaa@gmail.com\">alumninelamaa@gmail.com<\/a><\/strong><\/p>","protected":false},"excerpt":{"rendered":"<p>Yritt\u00e4j\u00e4, tule kannatusj\u00e4seneksi! Proakatemian alumniyhdistys edist\u00e4\u00e4 alumnien sek\u00e4 nykyisten yritt\u00e4jyyden ja tiimijohtamisen tradenomiopiskelijoiden yhteisty\u00f6t\u00e4. Alumniyhdistyksen toiminnan keski\u00f6ss\u00e4 ovat verkostoituminen ja yritt\u00e4jyyskasvatus. Alumniyhdistyksen toimintaan kuuluvat mm. Yrityksille tarjoamamme kannatusj\u00e4senyys toimii \u201cmaksa, &#8230;<\/p>","protected":false},"author":2,"featured_media":2125,"parent":0,"menu_order":0,"comment_status":"closed","ping_status":"closed","template":"","meta":{"footnotes":""},"class_list":["post-2199","page","type-page","status-publish","has-post-thumbnail","hentry"],"yoast_head":"<!-- This site is optimized with the Yoast SEO plugin v24.9 - https:\/\/yoast.com\/wordpress\/plugins\/seo\/ -->\n<title>Kannatusj\u00e4senyys yrityksille - Proakatemian alumniyhdistys<\/title>\n<meta name=\"robots\" content=\"index, follow, max-snippet:-1, max-image-preview:large, max-video-preview:-1\" \/>\n<link rel=\"canonical\" href=\"https:\/\/alumninelamaa.fi\/en\/kannatusjasenyys-yrityksille\/\" \/>\n<meta property=\"og:locale\" content=\"en_GB\" \/>\n<meta property=\"og:type\" content=\"article\" \/>\n<meta property=\"og:title\" content=\"Kannatusj\u00e4senyys yrityksille - Proakatemian alumniyhdistys\" \/>\n<meta property=\"og:description\" content=\"Yritt\u00e4j\u00e4, tule kannatusj\u00e4seneksi! Proakatemian alumniyhdistys edist\u00e4\u00e4 alumnien sek\u00e4 nykyisten yritt\u00e4jyyden ja tiimijohtamisen tradenomiopiskelijoiden yhteisty\u00f6t\u00e4. Alumniyhdistyksen toiminnan keski\u00f6ss\u00e4 ovat verkostoituminen ja yritt\u00e4jyyskasvatus. Alumniyhdistyksen toimintaan kuuluvat mm. Yrityksille tarjoamamme kannatusj\u00e4senyys toimii \u201cmaksa, ...\" \/>\n<meta property=\"og:url\" content=\"https:\/\/alumninelamaa.fi\/en\/kannatusjasenyys-yrityksille\/\" \/>\n<meta property=\"og:site_name\" content=\"Alumnin el\u00e4m\u00e4\u00e4\" \/>\n<meta property=\"article:modified_time\" content=\"2024-08-20T12:13:45+00:00\" \/>\n<meta property=\"og:image\" content=\"https:\/\/alumninelamaa.fi\/wp-content\/uploads\/2023\/05\/alumnminelamaa5.png\" \/>\n\t<meta property=\"og:image:width\" content=\"1920\" \/>\n\t<meta property=\"og:image:height\" content=\"1080\" \/>\n\t<meta property=\"og:image:type\" content=\"image\/png\" \/>\n<meta name=\"twitter:card\" content=\"summary_large_image\" \/>\n<meta name=\"twitter:label1\" content=\"Estimated reading time\" \/>\n\t<meta name=\"twitter:data1\" content=\"1 minute\" \/>\n<script type=\"application\/ld+json\" class=\"yoast-schema-graph\">{\"@context\":\"https:\/\/schema.org\",\"@graph\":[{\"@type\":\"WebPage\",\"@id\":\"https:\/\/alumninelamaa.fi\/kannatusjasenyys-yrityksille\/\",\"url\":\"https:\/\/alumninelamaa.fi\/kannatusjasenyys-yrityksille\/\",\"name\":\"Kannatusj\u00e4senyys yrityksille - Proakatemian alumniyhdistys\",\"isPartOf\":{\"@id\":\"https:\/\/alumninelamaa.fi\/#website\"},\"primaryImageOfPage\":{\"@id\":\"https:\/\/alumninelamaa.fi\/kannatusjasenyys-yrityksille\/#primaryimage\"},\"image\":{\"@id\":\"https:\/\/alumninelamaa.fi\/kannatusjasenyys-yrityksille\/#primaryimage\"},\"thumbnailUrl\":\"https:\/\/alumninelamaa.fi\/wp-content\/uploads\/2023\/05\/alumnminelamaa5.png\",\"datePublished\":\"2024-03-07T18:11:40+00:00\",\"dateModified\":\"2024-08-20T12:13:45+00:00\",\"breadcrumb\":{\"@id\":\"https:\/\/alumninelamaa.fi\/kannatusjasenyys-yrityksille\/#breadcrumb\"},\"inLanguage\":\"en-GB\",\"potentialAction\":[{\"@type\":\"ReadAction\",\"target\":[\"https:\/\/alumninelamaa.fi\/kannatusjasenyys-yrityksille\/\"]}]},{\"@type\":\"ImageObject\",\"inLanguage\":\"en-GB\",\"@id\":\"https:\/\/alumninelamaa.fi\/kannatusjasenyys-yrityksille\/#primaryimage\",\"url\":\"https:\/\/alumninelamaa.fi\/wp-content\/uploads\/2023\/05\/alumnminelamaa5.png\",\"contentUrl\":\"https:\/\/alumninelamaa.fi\/wp-content\/uploads\/2023\/05\/alumnminelamaa5.png\",\"width\":1920,\"height\":1080},{\"@type\":\"BreadcrumbList\",\"@id\":\"https:\/\/alumninelamaa.fi\/kannatusjasenyys-yrityksille\/#breadcrumb\",\"itemListElement\":[{\"@type\":\"ListItem\",\"position\":1,\"name\":\"Etusivu\",\"item\":\"https:\/\/alumninelamaa.fi\/\"},{\"@type\":\"ListItem\",\"position\":2,\"name\":\"Kannatusj\u00e4senyys yrityksille\"}]},{\"@type\":\"WebSite\",\"@id\":\"https:\/\/alumninelamaa.fi\/#website\",\"url\":\"https:\/\/alumninelamaa.fi\/\",\"name\":\"Alumnin el\u00e4m\u00e4\u00e4\",\"description\":\"Proakatemian alumniyhdistys\",\"potentialAction\":[{\"@type\":\"SearchAction\",\"target\":{\"@type\":\"EntryPoint\",\"urlTemplate\":\"https:\/\/alumninelamaa.fi\/?s={search_term_string}\"},\"query-input\":{\"@type\":\"PropertyValueSpecification\",\"valueRequired\":true,\"valueName\":\"search_term_string\"}}],\"inLanguage\":\"en-GB\"}]}<\/script>\n<!-- \/ Yoast SEO plugin. -->","yoast_head_json":{"title":"Kannatusj\u00e4senyys yrityksille - Proakatemian alumniyhdistys","robots":{"index":"index","follow":"follow","max-snippet":"max-snippet:-1","max-image-preview":"max-image-preview:large","max-video-preview":"max-video-preview:-1"},"canonical":"https:\/\/alumninelamaa.fi\/en\/kannatusjasenyys-yrityksille\/","og_locale":"en_GB","og_type":"article","og_title":"Kannatusj\u00e4senyys yrityksille - Proakatemian alumniyhdistys","og_description":"Yritt\u00e4j\u00e4, tule kannatusj\u00e4seneksi! Proakatemian alumniyhdistys edist\u00e4\u00e4 alumnien sek\u00e4 nykyisten yritt\u00e4jyyden ja tiimijohtamisen tradenomiopiskelijoiden yhteisty\u00f6t\u00e4. Alumniyhdistyksen toiminnan keski\u00f6ss\u00e4 ovat verkostoituminen ja yritt\u00e4jyyskasvatus. Alumniyhdistyksen toimintaan kuuluvat mm. Yrityksille tarjoamamme kannatusj\u00e4senyys toimii \u201cmaksa, ...","og_url":"https:\/\/alumninelamaa.fi\/en\/kannatusjasenyys-yrityksille\/","og_site_name":"Alumnin el\u00e4m\u00e4\u00e4","article_modified_time":"2024-08-20T12:13:45+00:00","og_image":[{"width":1920,"height":1080,"url":"https:\/\/alumninelamaa.fi\/wp-content\/uploads\/2023\/05\/alumnminelamaa5.png","type":"image\/png"}],"twitter_card":"summary_large_image","twitter_misc":{"Estimated reading time":"1 minute"},"schema":{"@context":"https:\/\/schema.org","@graph":[{"@type":"WebPage","@id":"https:\/\/alumninelamaa.fi\/kannatusjasenyys-yrityksille\/","url":"https:\/\/alumninelamaa.fi\/kannatusjasenyys-yrityksille\/","name":"Kannatusj\u00e4senyys yrityksille - Proakatemian alumniyhdistys","isPartOf":{"@id":"https:\/\/alumninelamaa.fi\/#website"},"primaryImageOfPage":{"@id":"https:\/\/alumninelamaa.fi\/kannatusjasenyys-yrityksille\/#primaryimage"},"image":{"@id":"https:\/\/alumninelamaa.fi\/kannatusjasenyys-yrityksille\/#primaryimage"},"thumbnailUrl":"https:\/\/alumninelamaa.fi\/wp-content\/uploads\/2023\/05\/alumnminelamaa5.png","datePublished":"2024-03-07T18:11:40+00:00","dateModified":"2024-08-20T12:13:45+00:00","breadcrumb":{"@id":"https:\/\/alumninelamaa.fi\/kannatusjasenyys-yrityksille\/#breadcrumb"},"inLanguage":"en-GB","potentialAction":[{"@type":"ReadAction","target":["https:\/\/alumninelamaa.fi\/kannatusjasenyys-yrityksille\/"]}]},{"@type":"ImageObject","inLanguage":"en-GB","@id":"https:\/\/alumninelamaa.fi\/kannatusjasenyys-yrityksille\/#primaryimage","url":"https:\/\/alumninelamaa.fi\/wp-content\/uploads\/2023\/05\/alumnminelamaa5.png","contentUrl":"https:\/\/alumninelamaa.fi\/wp-content\/uploads\/2023\/05\/alumnminelamaa5.png","width":1920,"height":1080},{"@type":"BreadcrumbList","@id":"https:\/\/alumninelamaa.fi\/kannatusjasenyys-yrityksille\/#breadcrumb","itemListElement":[{"@type":"ListItem","position":1,"name":"Etusivu","item":"https:\/\/alumninelamaa.fi\/"},{"@type":"ListItem","position":2,"name":"Kannatusj\u00e4senyys yrityksille"}]},{"@type":"WebSite","@id":"https:\/\/alumninelamaa.fi\/#website","url":"https:\/\/alumninelamaa.fi\/","name":"Alumnin el\u00e4m\u00e4\u00e4","description":"Proakatemia Alumni Association","potentialAction":[{"@type":"SearchAction","target":{"@type":"EntryPoint","urlTemplate":"https:\/\/alumninelamaa.fi\/?s={search_term_string}"},"query-input":{"@type":"PropertyValueSpecification","valueRequired":true,"valueName":"search_term_string"}}],"inLanguage":"en-GB"}]}},"_links":{"self":[{"href":"https:\/\/alumninelamaa.fi\/en\/wp-json\/wp\/v2\/pages\/2199","targetHints":{"allow":["GET"]}}],"collection":[{"href":"https:\/\/alumninelamaa.fi\/en\/wp-json\/wp\/v2\/pages"}],"about":[{"href":"https:\/\/alumninelamaa.fi\/en\/wp-json\/wp\/v2\/types\/page"}],"author":[{"embeddable":true,"href":"https:\/\/alumninelamaa.fi\/en\/wp-json\/wp\/v2\/users\/2"}],"replies":[{"embeddable":true,"href":"https:\/\/alumninelamaa.fi\/en\/wp-json\/wp\/v2\/comments?post=2199"}],"version-history":[{"count":2,"href":"https:\/\/alumninelamaa.fi\/en\/wp-json\/wp\/v2\/pages\/2199\/revisions"}],"predecessor-version":[{"id":2225,"href":"https:\/\/alumninelamaa.fi\/en\/wp-json\/wp\/v2\/pages\/2199\/revisions\/2225"}],"wp:featuredmedia":[{"embeddable":true,"href":"https:\/\/alumninelamaa.fi\/en\/wp-json\/wp\/v2\/media\/2125"}],"wp:attachment":[{"href":"https:\/\/alumninelamaa.fi\/en\/wp-json\/wp\/v2\/media?parent=2199"}],"curies":[{"name":"wp","href":"https:\/\/api.w.org\/{rel}","templated":true}]}}