{"id":1961,"date":"2021-08-24T14:48:32","date_gmt":"2021-08-24T11:48:32","guid":{"rendered":"https:\/\/alumninelamaa.fi\/?page_id=1961"},"modified":"2021-08-24T14:51:37","modified_gmt":"2021-08-24T11:51:37","slug":"proakatemia-group","status":"publish","type":"page","link":"https:\/\/alumninelamaa.fi\/en\/proakatemia-group\/","title":{"rendered":"Proakatemia group"},"content":{"rendered":"<p><br>Follow information and news from Proakatemia, and share job postings or find people for your projects.<\/p>","protected":false},"excerpt":{"rendered":"<p>Follow information and news from Proakatemia, and share job postings or find people for your projects.<\/p>","protected":false},"author":2,"featured_media":0,"parent":0,"menu_order":0,"comment_status":"closed","ping_status":"closed","template":"","meta":{"footnotes":""},"class_list":["post-1961","page","type-page","status-publish","hentry"],"yoast_head":"<!-- This site is optimized with the Yoast SEO plugin v24.9 - https:\/\/yoast.com\/wordpress\/plugins\/seo\/ -->\n<title>Proakatemia group - Proakatemian alumniyhdistys<\/title>\n<meta name=\"robots\" content=\"index, follow, max-snippet:-1, max-image-preview:large, max-video-preview:-1\" \/>\n<link rel=\"canonical\" href=\"https:\/\/alumninelamaa.fi\/en\/proakatemia-group\/\" \/>\n<meta property=\"og:locale\" content=\"en_GB\" \/>\n<meta property=\"og:type\" content=\"article\" \/>\n<meta property=\"og:title\" content=\"Proakatemia group - Proakatemian alumniyhdistys\" \/>\n<meta property=\"og:description\" content=\"Follow information and news from Proakatemia, and share job postings or find people for your projects.\" \/>\n<meta property=\"og:url\" content=\"https:\/\/alumninelamaa.fi\/en\/proakatemia-group\/\" \/>\n<meta property=\"og:site_name\" content=\"Alumnin el\u00e4m\u00e4\u00e4\" \/>\n<meta property=\"article:modified_time\" content=\"2021-08-24T11:51:37+00:00\" \/>\n<meta property=\"og:image\" content=\"https:\/\/alumninelamaa.fi\/wp-content\/uploads\/2018\/09\/fb-kuva2.jpg\" \/>\n\t<meta property=\"og:image:width\" content=\"1200\" \/>\n\t<meta property=\"og:image:height\" content=\"628\" \/>\n\t<meta property=\"og:image:type\" content=\"image\/jpeg\" \/>\n<meta name=\"twitter:card\" content=\"summary_large_image\" \/>\n<meta name=\"twitter:label1\" content=\"Estimated reading time\" \/>\n\t<meta name=\"twitter:data1\" content=\"1 minute\" \/>\n<script type=\"application\/ld+json\" class=\"yoast-schema-graph\">{\"@context\":\"https:\/\/schema.org\",\"@graph\":[{\"@type\":\"WebPage\",\"@id\":\"https:\/\/alumninelamaa.fi\/proakatemia-group\/\",\"url\":\"https:\/\/alumninelamaa.fi\/proakatemia-group\/\",\"name\":\"Proakatemia group - Proakatemian alumniyhdistys\",\"isPartOf\":{\"@id\":\"https:\/\/alumninelamaa.fi\/#website\"},\"datePublished\":\"2021-08-24T11:48:32+00:00\",\"dateModified\":\"2021-08-24T11:51:37+00:00\",\"breadcrumb\":{\"@id\":\"https:\/\/alumninelamaa.fi\/proakatemia-group\/#breadcrumb\"},\"inLanguage\":\"en-GB\",\"potentialAction\":[{\"@type\":\"ReadAction\",\"target\":[\"https:\/\/alumninelamaa.fi\/proakatemia-group\/\"]}]},{\"@type\":\"BreadcrumbList\",\"@id\":\"https:\/\/alumninelamaa.fi\/proakatemia-group\/#breadcrumb\",\"itemListElement\":[{\"@type\":\"ListItem\",\"position\":1,\"name\":\"Etusivu\",\"item\":\"https:\/\/alumninelamaa.fi\/\"},{\"@type\":\"ListItem\",\"position\":2,\"name\":\"Proakatemia group\"}]},{\"@type\":\"WebSite\",\"@id\":\"https:\/\/alumninelamaa.fi\/#website\",\"url\":\"https:\/\/alumninelamaa.fi\/\",\"name\":\"Alumnin el\u00e4m\u00e4\u00e4\",\"description\":\"Proakatemian alumniyhdistys\",\"potentialAction\":[{\"@type\":\"SearchAction\",\"target\":{\"@type\":\"EntryPoint\",\"urlTemplate\":\"https:\/\/alumninelamaa.fi\/?s={search_term_string}\"},\"query-input\":{\"@type\":\"PropertyValueSpecification\",\"valueRequired\":true,\"valueName\":\"search_term_string\"}}],\"inLanguage\":\"en-GB\"}]}<\/script>\n<!-- \/ Yoast SEO plugin. -->","yoast_head_json":{"title":"Proakatemia group - Proakatemian alumniyhdistys","robots":{"index":"index","follow":"follow","max-snippet":"max-snippet:-1","max-image-preview":"max-image-preview:large","max-video-preview":"max-video-preview:-1"},"canonical":"https:\/\/alumninelamaa.fi\/en\/proakatemia-group\/","og_locale":"en_GB","og_type":"article","og_title":"Proakatemia group - Proakatemian alumniyhdistys","og_description":"Follow information and news from Proakatemia, and share job postings or find people for your projects.","og_url":"https:\/\/alumninelamaa.fi\/en\/proakatemia-group\/","og_site_name":"Alumnin el\u00e4m\u00e4\u00e4","article_modified_time":"2021-08-24T11:51:37+00:00","og_image":[{"width":1200,"height":628,"url":"https:\/\/alumninelamaa.fi\/wp-content\/uploads\/2018\/09\/fb-kuva2.jpg","type":"image\/jpeg"}],"twitter_card":"summary_large_image","twitter_misc":{"Estimated reading time":"1 minute"},"schema":{"@context":"https:\/\/schema.org","@graph":[{"@type":"WebPage","@id":"https:\/\/alumninelamaa.fi\/proakatemia-group\/","url":"https:\/\/alumninelamaa.fi\/proakatemia-group\/","name":"Proakatemia group - Proakatemian alumniyhdistys","isPartOf":{"@id":"https:\/\/alumninelamaa.fi\/#website"},"datePublished":"2021-08-24T11:48:32+00:00","dateModified":"2021-08-24T11:51:37+00:00","breadcrumb":{"@id":"https:\/\/alumninelamaa.fi\/proakatemia-group\/#breadcrumb"},"inLanguage":"en-GB","potentialAction":[{"@type":"ReadAction","target":["https:\/\/alumninelamaa.fi\/proakatemia-group\/"]}]},{"@type":"BreadcrumbList","@id":"https:\/\/alumninelamaa.fi\/proakatemia-group\/#breadcrumb","itemListElement":[{"@type":"ListItem","position":1,"name":"Etusivu","item":"https:\/\/alumninelamaa.fi\/"},{"@type":"ListItem","position":2,"name":"Proakatemia group"}]},{"@type":"WebSite","@id":"https:\/\/alumninelamaa.fi\/#website","url":"https:\/\/alumninelamaa.fi\/","name":"Alumnin el\u00e4m\u00e4\u00e4","description":"Proakatemia Alumni Association","potentialAction":[{"@type":"SearchAction","target":{"@type":"EntryPoint","urlTemplate":"https:\/\/alumninelamaa.fi\/?s={search_term_string}"},"query-input":{"@type":"PropertyValueSpecification","valueRequired":true,"valueName":"search_term_string"}}],"inLanguage":"en-GB"}]}},"_links":{"self":[{"href":"https:\/\/alumninelamaa.fi\/en\/wp-json\/wp\/v2\/pages\/1961","targetHints":{"allow":["GET"]}}],"collection":[{"href":"https:\/\/alumninelamaa.fi\/en\/wp-json\/wp\/v2\/pages"}],"about":[{"href":"https:\/\/alumninelamaa.fi\/en\/wp-json\/wp\/v2\/types\/page"}],"author":[{"embeddable":true,"href":"https:\/\/alumninelamaa.fi\/en\/wp-json\/wp\/v2\/users\/2"}],"replies":[{"embeddable":true,"href":"https:\/\/alumninelamaa.fi\/en\/wp-json\/wp\/v2\/comments?post=1961"}],"version-history":[{"count":2,"href":"https:\/\/alumninelamaa.fi\/en\/wp-json\/wp\/v2\/pages\/1961\/revisions"}],"predecessor-version":[{"id":1964,"href":"https:\/\/alumninelamaa.fi\/en\/wp-json\/wp\/v2\/pages\/1961\/revisions\/1964"}],"wp:attachment":[{"href":"https:\/\/alumninelamaa.fi\/en\/wp-json\/wp\/v2\/media?parent=1961"}],"curies":[{"name":"wp","href":"https:\/\/api.w.org\/{rel}","templated":true}]}}