{"id":1876,"date":"2021-01-24T13:51:12","date_gmt":"2021-01-24T11:51:12","guid":{"rendered":"https:\/\/alumninelamaa.fi\/?page_id=1876"},"modified":"2025-04-24T10:31:38","modified_gmt":"2025-04-24T07:31:38","slug":"jasenedut","status":"publish","type":"page","link":"https:\/\/alumninelamaa.fi\/en\/jasenedut\/","title":{"rendered":"Kannatusj\u00e4senien edut"},"content":{"rendered":"<figure class=\"wp-block-image size-large\"><a href=\"https:\/\/alumninelamaa.fi\/wp-content\/uploads\/2024\/03\/kannatusjasenien-edut.png\"><img loading=\"lazy\" decoding=\"async\" width=\"1024\" height=\"213\" src=\"https:\/\/alumninelamaa.fi\/wp-content\/uploads\/2024\/03\/kannatusjasenien-edut-1024x213.png\" alt=\"\" class=\"wp-image-2193\" srcset=\"https:\/\/alumninelamaa.fi\/wp-content\/uploads\/2024\/03\/kannatusjasenien-edut-1024x213.png 1024w, https:\/\/alumninelamaa.fi\/wp-content\/uploads\/2024\/03\/kannatusjasenien-edut-300x63.png 300w, https:\/\/alumninelamaa.fi\/wp-content\/uploads\/2024\/03\/kannatusjasenien-edut-768x160.png 768w, https:\/\/alumninelamaa.fi\/wp-content\/uploads\/2024\/03\/kannatusjasenien-edut-1536x320.png 1536w, https:\/\/alumninelamaa.fi\/wp-content\/uploads\/2024\/03\/kannatusjasenien-edut-18x4.png 18w, https:\/\/alumninelamaa.fi\/wp-content\/uploads\/2024\/03\/kannatusjasenien-edut.png 1920w\" sizes=\"auto, (max-width: 1024px) 100vw, 1024px\" \/><\/a><\/figure>\n\n\n\n<p><\/p>\n\n\n\n<p><strong>As a supporting member of the Proakatemia Alumni Association, you are entitled to the benefits below with a valid membership card. <\/strong>Remember to show your membership card from Kide.app when redeeming benefits!<br>You will find support memberships from <a href=\"https:\/\/kide.app\/memberships\/c86b0a06-8d6a-4032-b22f-2b9652a2df3c\" target=\"_blank\" rel=\"noreferrer noopener\">Kide.app-site<\/a>.<\/p>\n\n\n\n<ul class=\"wp-block-list\">\n<li><strong>New!<\/strong> <a href=\"https:\/\/www.ravintoladaisy.com\/\">Ravintola Daisy<\/a> and <a href=\"https:\/\/www.kahvilalaikku.com\/\">Kahvila Laikku<\/a>: -10% (tue-thu) discount on everything<\/li>\n\n\n\n<li><strong>New!<\/strong> <a href=\"https:\/\/kasvussa.com\/\" target=\"_blank\" rel=\"noreferrer noopener\">Kasvussa<\/a>: -10% discount on team and supervisor coaching<\/li>\n\n\n\n<li><a href=\"https:\/\/heimofilms.fi\/\" target=\"_blank\" rel=\"noreferrer noopener\">Heimo Films<\/a>: -10% of video production<\/li>\n\n\n\n<li><a href=\"https:\/\/www.valmennus360.fi\/\" target=\"_blank\" rel=\"noreferrer noopener\">Valmennus 360<\/a>: \u20ac 100 discount on 360 and 180 coaching, discount given on first invoice<\/li>\n\n\n\n<li><a href=\"https:\/\/apukuski.com\/\" target=\"_blank\" rel=\"noreferrer noopener\">Apukuski<\/a>: -10% discount on transportation<\/li>\n\n\n\n<li><a href=\"https:\/\/www.moverest.fi\/\" target=\"_blank\" rel=\"noreferrer noopener\">Moverest<\/a>: -5 \u20ac physiotherapy, osteopathy and massage visits<\/li>\n\n\n\n<li><a href=\"https:\/\/valtterivalittaa.fi\/\" target=\"_blank\" rel=\"noreferrer noopener\">Valtteri Lampinen Bo LKV<\/a>: -15% discount on brokerage commission and free housing consultation by phone<\/li>\n\n\n\n<li><a href=\"https:\/\/www.mobiilipiste.fi\/\" target=\"_blank\" rel=\"noreferrer noopener\">Mobiilipiste<\/a>: -20 % discount on supplies throught webshop<\/li>\n\n\n\n<li><a href=\"https:\/\/www.kahvikeisarinna.com\/\" target=\"_blank\" rel=\"noreferrer noopener\">Kahvikeisarinna<\/a>: -10% of coffee<\/li>\n\n\n\n<li><a href=\"https:\/\/kuplis.fi\/\" target=\"_blank\" rel=\"noreferrer noopener\">Kuplis<\/a>: -15% personal discount<\/li>\n\n\n\n<li><a href=\"https:\/\/vello.fi\/fysiomari\/\" target=\"_blank\" rel=\"noreferrer noopener\">Fysio Mari<\/a>: -50% physiotherapy and massage visits (first timers only, 60min)<\/li>\n\n\n\n<li><a href=\"https:\/\/www.fixtiimi.fi\/\" target=\"_blank\" rel=\"noreferrer noopener\">Fix Team<\/a>: Car basic waxing and light interior cleaning for a package price of 75 \u20ac (norm. 95 \u20ac)<\/li>\n\n\n\n<li><a href=\"https:\/\/twerkempire.com\/\" target=\"_blank\" rel=\"noreferrer noopener\">Twerk Empire<\/a>: -10 % off all products (discount code can be found from your membership card)<\/li>\n\n\n\n<li><a href=\"https:\/\/sitekick.fi\/\" target=\"_blank\" rel=\"noreferrer noopener\">Sitekick<\/a>: -15% for websites and -10% for online stores<\/li>\n\n\n\n<li><a href=\"https:\/\/www.mindmesolutions.com\/\" target=\"_blank\" rel=\"noreferrer noopener\">Mind Me<\/a>: Personal coaching from one's own strengths 70 \u20ac<\/li>\n\n\n\n<li><a href=\"https:\/\/www.cityhomefinland.fi\/panorama\/\" target=\"_blank\" rel=\"noreferrer noopener\">City Home Finland<\/a>: -10% discount from Panorama Suite<\/li>\n\n\n\n<li><a href=\"https:\/\/www.roundnet.fi\/\" target=\"_blank\" rel=\"noreferrer noopener\">Roundnet Finland<\/a>: -10 % Spikeball-products<\/li>\n\n\n\n<li><a href=\"https:\/\/vuokratori.com\/\" target=\"_blank\" rel=\"noreferrer noopener\">Vuokratori<\/a>: -15% discount on all services<\/li>\n<\/ul>\n\n\n\n<p><\/p>\n\n\n\n<p><strong>If your company wants to offer a benefit to our support members, please contact <a href=\"mailto:alumninelamaa@gmail.com\">alumninelamaa@gmail.com<\/a><\/strong><\/p>\n\n\n\n<p><\/p>\n\n\n\n<div class=\"wp-block-buttons is-layout-flex wp-block-buttons-is-layout-flex\">\n<div class=\"wp-block-button is-style-fill\"><a class=\"wp-block-button__link has-background wp-element-button\" href=\"https:\/\/kide.app\/memberships\/c86b0a06-8d6a-4032-b22f-2b9652a2df3c\" style=\"background-color:#d02a00\" target=\"_blank\" rel=\"noreferrer noopener\">Buy support membership<\/a><\/div>\n<\/div>","protected":false},"excerpt":{"rendered":"<p>Proakatemian alumniyhdistyksen kannatusj\u00e4senen\u00e4 olet oikeutettu alla oleviin etuihin voimassa olevalla j\u00e4senkortilla. Muita n\u00e4ytt\u00e4\u00e4 j\u00e4senkorttia Kide.app sovelluksesta lunastaessasi etua!Kannatusj\u00e4senyyden voit ostaa itsellesi Kide.app-sivustolta. Mik\u00e4li yrityksesi haluaa tarjota edun kannatusj\u00e4senillemme, ota yhteytt\u00e4 &#8230;<\/p>","protected":false},"author":7,"featured_media":2125,"parent":0,"menu_order":0,"comment_status":"closed","ping_status":"closed","template":"","meta":{"footnotes":""},"class_list":["post-1876","page","type-page","status-publish","has-post-thumbnail","hentry"],"yoast_head":"<!-- This site is optimized with the Yoast SEO plugin v24.9 - https:\/\/yoast.com\/wordpress\/plugins\/seo\/ -->\n<title>Kannatusj\u00e4senien edut - Proakatemian alumniyhdistys<\/title>\n<meta name=\"robots\" content=\"index, follow, max-snippet:-1, max-image-preview:large, max-video-preview:-1\" \/>\n<link rel=\"canonical\" href=\"https:\/\/alumninelamaa.fi\/en\/jasenedut\/\" \/>\n<meta property=\"og:locale\" content=\"en_GB\" \/>\n<meta property=\"og:type\" content=\"article\" \/>\n<meta property=\"og:title\" content=\"Kannatusj\u00e4senien edut - Proakatemian alumniyhdistys\" \/>\n<meta property=\"og:description\" content=\"Proakatemian alumniyhdistyksen kannatusj\u00e4senen\u00e4 olet oikeutettu alla oleviin etuihin voimassa olevalla j\u00e4senkortilla. Muita n\u00e4ytt\u00e4\u00e4 j\u00e4senkorttia Kide.app sovelluksesta lunastaessasi etua!Kannatusj\u00e4senyyden voit ostaa itsellesi Kide.app-sivustolta. Mik\u00e4li yrityksesi haluaa tarjota edun kannatusj\u00e4senillemme, ota yhteytt\u00e4 ...\" \/>\n<meta property=\"og:url\" content=\"https:\/\/alumninelamaa.fi\/en\/jasenedut\/\" \/>\n<meta property=\"og:site_name\" content=\"Alumnin el\u00e4m\u00e4\u00e4\" \/>\n<meta property=\"article:modified_time\" content=\"2025-04-24T07:31:38+00:00\" \/>\n<meta property=\"og:image\" content=\"https:\/\/alumninelamaa.fi\/wp-content\/uploads\/2023\/05\/alumnminelamaa5.png\" \/>\n\t<meta property=\"og:image:width\" content=\"1920\" \/>\n\t<meta property=\"og:image:height\" content=\"1080\" \/>\n\t<meta property=\"og:image:type\" content=\"image\/png\" \/>\n<meta name=\"twitter:card\" content=\"summary_large_image\" \/>\n<meta name=\"twitter:label1\" content=\"Estimated reading time\" \/>\n\t<meta name=\"twitter:data1\" content=\"2 minutes\" \/>\n<script type=\"application\/ld+json\" class=\"yoast-schema-graph\">{\"@context\":\"https:\/\/schema.org\",\"@graph\":[{\"@type\":\"WebPage\",\"@id\":\"https:\/\/alumninelamaa.fi\/jasenedut\/\",\"url\":\"https:\/\/alumninelamaa.fi\/jasenedut\/\",\"name\":\"Kannatusj\u00e4senien edut - Proakatemian alumniyhdistys\",\"isPartOf\":{\"@id\":\"https:\/\/alumninelamaa.fi\/#website\"},\"primaryImageOfPage\":{\"@id\":\"https:\/\/alumninelamaa.fi\/jasenedut\/#primaryimage\"},\"image\":{\"@id\":\"https:\/\/alumninelamaa.fi\/jasenedut\/#primaryimage\"},\"thumbnailUrl\":\"https:\/\/alumninelamaa.fi\/wp-content\/uploads\/2023\/05\/alumnminelamaa5.png\",\"datePublished\":\"2021-01-24T11:51:12+00:00\",\"dateModified\":\"2025-04-24T07:31:38+00:00\",\"breadcrumb\":{\"@id\":\"https:\/\/alumninelamaa.fi\/jasenedut\/#breadcrumb\"},\"inLanguage\":\"en-GB\",\"potentialAction\":[{\"@type\":\"ReadAction\",\"target\":[\"https:\/\/alumninelamaa.fi\/jasenedut\/\"]}]},{\"@type\":\"ImageObject\",\"inLanguage\":\"en-GB\",\"@id\":\"https:\/\/alumninelamaa.fi\/jasenedut\/#primaryimage\",\"url\":\"https:\/\/alumninelamaa.fi\/wp-content\/uploads\/2023\/05\/alumnminelamaa5.png\",\"contentUrl\":\"https:\/\/alumninelamaa.fi\/wp-content\/uploads\/2023\/05\/alumnminelamaa5.png\",\"width\":1920,\"height\":1080},{\"@type\":\"BreadcrumbList\",\"@id\":\"https:\/\/alumninelamaa.fi\/jasenedut\/#breadcrumb\",\"itemListElement\":[{\"@type\":\"ListItem\",\"position\":1,\"name\":\"Etusivu\",\"item\":\"https:\/\/alumninelamaa.fi\/\"},{\"@type\":\"ListItem\",\"position\":2,\"name\":\"Kannatusj\u00e4senien edut\"}]},{\"@type\":\"WebSite\",\"@id\":\"https:\/\/alumninelamaa.fi\/#website\",\"url\":\"https:\/\/alumninelamaa.fi\/\",\"name\":\"Alumnin el\u00e4m\u00e4\u00e4\",\"description\":\"Proakatemian alumniyhdistys\",\"potentialAction\":[{\"@type\":\"SearchAction\",\"target\":{\"@type\":\"EntryPoint\",\"urlTemplate\":\"https:\/\/alumninelamaa.fi\/?s={search_term_string}\"},\"query-input\":{\"@type\":\"PropertyValueSpecification\",\"valueRequired\":true,\"valueName\":\"search_term_string\"}}],\"inLanguage\":\"en-GB\"}]}<\/script>\n<!-- \/ Yoast SEO plugin. -->","yoast_head_json":{"title":"Kannatusj\u00e4senien edut - Proakatemian alumniyhdistys","robots":{"index":"index","follow":"follow","max-snippet":"max-snippet:-1","max-image-preview":"max-image-preview:large","max-video-preview":"max-video-preview:-1"},"canonical":"https:\/\/alumninelamaa.fi\/en\/jasenedut\/","og_locale":"en_GB","og_type":"article","og_title":"Kannatusj\u00e4senien edut - Proakatemian alumniyhdistys","og_description":"Proakatemian alumniyhdistyksen kannatusj\u00e4senen\u00e4 olet oikeutettu alla oleviin etuihin voimassa olevalla j\u00e4senkortilla. Muita n\u00e4ytt\u00e4\u00e4 j\u00e4senkorttia Kide.app sovelluksesta lunastaessasi etua!Kannatusj\u00e4senyyden voit ostaa itsellesi Kide.app-sivustolta. Mik\u00e4li yrityksesi haluaa tarjota edun kannatusj\u00e4senillemme, ota yhteytt\u00e4 ...","og_url":"https:\/\/alumninelamaa.fi\/en\/jasenedut\/","og_site_name":"Alumnin el\u00e4m\u00e4\u00e4","article_modified_time":"2025-04-24T07:31:38+00:00","og_image":[{"width":1920,"height":1080,"url":"https:\/\/alumninelamaa.fi\/wp-content\/uploads\/2023\/05\/alumnminelamaa5.png","type":"image\/png"}],"twitter_card":"summary_large_image","twitter_misc":{"Estimated reading time":"2 minutes"},"schema":{"@context":"https:\/\/schema.org","@graph":[{"@type":"WebPage","@id":"https:\/\/alumninelamaa.fi\/jasenedut\/","url":"https:\/\/alumninelamaa.fi\/jasenedut\/","name":"Kannatusj\u00e4senien edut - Proakatemian alumniyhdistys","isPartOf":{"@id":"https:\/\/alumninelamaa.fi\/#website"},"primaryImageOfPage":{"@id":"https:\/\/alumninelamaa.fi\/jasenedut\/#primaryimage"},"image":{"@id":"https:\/\/alumninelamaa.fi\/jasenedut\/#primaryimage"},"thumbnailUrl":"https:\/\/alumninelamaa.fi\/wp-content\/uploads\/2023\/05\/alumnminelamaa5.png","datePublished":"2021-01-24T11:51:12+00:00","dateModified":"2025-04-24T07:31:38+00:00","breadcrumb":{"@id":"https:\/\/alumninelamaa.fi\/jasenedut\/#breadcrumb"},"inLanguage":"en-GB","potentialAction":[{"@type":"ReadAction","target":["https:\/\/alumninelamaa.fi\/jasenedut\/"]}]},{"@type":"ImageObject","inLanguage":"en-GB","@id":"https:\/\/alumninelamaa.fi\/jasenedut\/#primaryimage","url":"https:\/\/alumninelamaa.fi\/wp-content\/uploads\/2023\/05\/alumnminelamaa5.png","contentUrl":"https:\/\/alumninelamaa.fi\/wp-content\/uploads\/2023\/05\/alumnminelamaa5.png","width":1920,"height":1080},{"@type":"BreadcrumbList","@id":"https:\/\/alumninelamaa.fi\/jasenedut\/#breadcrumb","itemListElement":[{"@type":"ListItem","position":1,"name":"Etusivu","item":"https:\/\/alumninelamaa.fi\/"},{"@type":"ListItem","position":2,"name":"Kannatusj\u00e4senien edut"}]},{"@type":"WebSite","@id":"https:\/\/alumninelamaa.fi\/#website","url":"https:\/\/alumninelamaa.fi\/","name":"Alumnin el\u00e4m\u00e4\u00e4","description":"Proakatemia Alumni Association","potentialAction":[{"@type":"SearchAction","target":{"@type":"EntryPoint","urlTemplate":"https:\/\/alumninelamaa.fi\/?s={search_term_string}"},"query-input":{"@type":"PropertyValueSpecification","valueRequired":true,"valueName":"search_term_string"}}],"inLanguage":"en-GB"}]}},"_links":{"self":[{"href":"https:\/\/alumninelamaa.fi\/en\/wp-json\/wp\/v2\/pages\/1876","targetHints":{"allow":["GET"]}}],"collection":[{"href":"https:\/\/alumninelamaa.fi\/en\/wp-json\/wp\/v2\/pages"}],"about":[{"href":"https:\/\/alumninelamaa.fi\/en\/wp-json\/wp\/v2\/types\/page"}],"author":[{"embeddable":true,"href":"https:\/\/alumninelamaa.fi\/en\/wp-json\/wp\/v2\/users\/7"}],"replies":[{"embeddable":true,"href":"https:\/\/alumninelamaa.fi\/en\/wp-json\/wp\/v2\/comments?post=1876"}],"version-history":[{"count":46,"href":"https:\/\/alumninelamaa.fi\/en\/wp-json\/wp\/v2\/pages\/1876\/revisions"}],"predecessor-version":[{"id":2256,"href":"https:\/\/alumninelamaa.fi\/en\/wp-json\/wp\/v2\/pages\/1876\/revisions\/2256"}],"wp:featuredmedia":[{"embeddable":true,"href":"https:\/\/alumninelamaa.fi\/en\/wp-json\/wp\/v2\/media\/2125"}],"wp:attachment":[{"href":"https:\/\/alumninelamaa.fi\/en\/wp-json\/wp\/v2\/media?parent=1876"}],"curies":[{"name":"wp","href":"https:\/\/api.w.org\/{rel}","templated":true}]}}