{"id":1494,"date":"2018-08-31T16:02:18","date_gmt":"2018-08-31T13:02:18","guid":{"rendered":"http:\/\/www.alumninelamaa.fi\/?page_id=1494"},"modified":"2023-05-07T17:27:42","modified_gmt":"2023-05-07T14:27:42","slug":"proakatemia-alumni","status":"publish","type":"page","link":"https:\/\/alumninelamaa.fi\/en\/proakatemia-alumni\/","title":{"rendered":"Proakatemia Alumni Association"},"content":{"rendered":"<p>Networking and meeting place for people passionate about lifelong learning <a href=\"https:\/\/www.linkedin.com\/company\/alumninelamaa\/\" target=\"_blank\" rel=\"noopener\">on LinkedIn<\/a>!<\/p>","protected":false},"excerpt":{"rendered":"<p>Networking and meeting place for people passionate about lifelong learning on LinkedIn!<\/p>","protected":false},"author":2,"featured_media":0,"parent":0,"menu_order":0,"comment_status":"closed","ping_status":"closed","template":"","meta":{"footnotes":""},"class_list":["post-1494","page","type-page","status-publish","hentry"],"yoast_head":"<!-- This site is optimized with the Yoast SEO plugin v24.9 - https:\/\/yoast.com\/wordpress\/plugins\/seo\/ -->\n<title>Proakatemian alumniyhdistys - Proakatemian alumniyhdistys<\/title>\n<meta name=\"robots\" content=\"index, follow, max-snippet:-1, max-image-preview:large, max-video-preview:-1\" \/>\n<link rel=\"canonical\" href=\"https:\/\/alumninelamaa.fi\/en\/proakatemia-alumni\/\" \/>\n<meta property=\"og:locale\" content=\"en_GB\" \/>\n<meta property=\"og:type\" content=\"article\" \/>\n<meta property=\"og:title\" content=\"Proakatemian alumniyhdistys - Proakatemian alumniyhdistys\" \/>\n<meta property=\"og:description\" content=\"Verkostoitumis- ja kohtaamispaikka elinik\u00e4isest\u00e4 oppimisesta syttyville LinkedIniss\u00e4!\" \/>\n<meta property=\"og:url\" content=\"https:\/\/alumninelamaa.fi\/en\/proakatemia-alumni\/\" \/>\n<meta property=\"og:site_name\" content=\"Alumnin el\u00e4m\u00e4\u00e4\" \/>\n<meta property=\"article:modified_time\" content=\"2023-05-07T14:27:42+00:00\" \/>\n<meta property=\"og:image\" content=\"https:\/\/alumninelamaa.fi\/wp-content\/uploads\/2018\/09\/fb-kuva2.jpg\" \/>\n\t<meta property=\"og:image:width\" content=\"1200\" \/>\n\t<meta property=\"og:image:height\" content=\"628\" \/>\n\t<meta property=\"og:image:type\" content=\"image\/jpeg\" \/>\n<meta name=\"twitter:card\" content=\"summary_large_image\" \/>\n<meta name=\"twitter:label1\" content=\"Estimated reading time\" \/>\n\t<meta name=\"twitter:data1\" content=\"1 minute\" \/>\n<script type=\"application\/ld+json\" class=\"yoast-schema-graph\">{\"@context\":\"https:\/\/schema.org\",\"@graph\":[{\"@type\":\"WebPage\",\"@id\":\"https:\/\/alumninelamaa.fi\/proakatemia-alumni\/\",\"url\":\"https:\/\/alumninelamaa.fi\/proakatemia-alumni\/\",\"name\":\"Proakatemian alumniyhdistys - Proakatemian alumniyhdistys\",\"isPartOf\":{\"@id\":\"https:\/\/alumninelamaa.fi\/#website\"},\"datePublished\":\"2018-08-31T13:02:18+00:00\",\"dateModified\":\"2023-05-07T14:27:42+00:00\",\"breadcrumb\":{\"@id\":\"https:\/\/alumninelamaa.fi\/proakatemia-alumni\/#breadcrumb\"},\"inLanguage\":\"en-GB\",\"potentialAction\":[{\"@type\":\"ReadAction\",\"target\":[\"https:\/\/alumninelamaa.fi\/proakatemia-alumni\/\"]}]},{\"@type\":\"BreadcrumbList\",\"@id\":\"https:\/\/alumninelamaa.fi\/proakatemia-alumni\/#breadcrumb\",\"itemListElement\":[{\"@type\":\"ListItem\",\"position\":1,\"name\":\"Etusivu\",\"item\":\"https:\/\/alumninelamaa.fi\/\"},{\"@type\":\"ListItem\",\"position\":2,\"name\":\"Proakatemian alumniyhdistys\"}]},{\"@type\":\"WebSite\",\"@id\":\"https:\/\/alumninelamaa.fi\/#website\",\"url\":\"https:\/\/alumninelamaa.fi\/\",\"name\":\"Alumnin el\u00e4m\u00e4\u00e4\",\"description\":\"Proakatemian alumniyhdistys\",\"potentialAction\":[{\"@type\":\"SearchAction\",\"target\":{\"@type\":\"EntryPoint\",\"urlTemplate\":\"https:\/\/alumninelamaa.fi\/?s={search_term_string}\"},\"query-input\":{\"@type\":\"PropertyValueSpecification\",\"valueRequired\":true,\"valueName\":\"search_term_string\"}}],\"inLanguage\":\"en-GB\"}]}<\/script>\n<!-- \/ Yoast SEO plugin. -->","yoast_head_json":{"title":"Proakatemian alumniyhdistys - Proakatemian alumniyhdistys","robots":{"index":"index","follow":"follow","max-snippet":"max-snippet:-1","max-image-preview":"max-image-preview:large","max-video-preview":"max-video-preview:-1"},"canonical":"https:\/\/alumninelamaa.fi\/en\/proakatemia-alumni\/","og_locale":"en_GB","og_type":"article","og_title":"Proakatemian alumniyhdistys - Proakatemian alumniyhdistys","og_description":"Verkostoitumis- ja kohtaamispaikka elinik\u00e4isest\u00e4 oppimisesta syttyville LinkedIniss\u00e4!","og_url":"https:\/\/alumninelamaa.fi\/en\/proakatemia-alumni\/","og_site_name":"Alumnin el\u00e4m\u00e4\u00e4","article_modified_time":"2023-05-07T14:27:42+00:00","og_image":[{"width":1200,"height":628,"url":"https:\/\/alumninelamaa.fi\/wp-content\/uploads\/2018\/09\/fb-kuva2.jpg","type":"image\/jpeg"}],"twitter_card":"summary_large_image","twitter_misc":{"Estimated reading time":"1 minute"},"schema":{"@context":"https:\/\/schema.org","@graph":[{"@type":"WebPage","@id":"https:\/\/alumninelamaa.fi\/proakatemia-alumni\/","url":"https:\/\/alumninelamaa.fi\/proakatemia-alumni\/","name":"Proakatemian alumniyhdistys - Proakatemian alumniyhdistys","isPartOf":{"@id":"https:\/\/alumninelamaa.fi\/#website"},"datePublished":"2018-08-31T13:02:18+00:00","dateModified":"2023-05-07T14:27:42+00:00","breadcrumb":{"@id":"https:\/\/alumninelamaa.fi\/proakatemia-alumni\/#breadcrumb"},"inLanguage":"en-GB","potentialAction":[{"@type":"ReadAction","target":["https:\/\/alumninelamaa.fi\/proakatemia-alumni\/"]}]},{"@type":"BreadcrumbList","@id":"https:\/\/alumninelamaa.fi\/proakatemia-alumni\/#breadcrumb","itemListElement":[{"@type":"ListItem","position":1,"name":"Etusivu","item":"https:\/\/alumninelamaa.fi\/"},{"@type":"ListItem","position":2,"name":"Proakatemian alumniyhdistys"}]},{"@type":"WebSite","@id":"https:\/\/alumninelamaa.fi\/#website","url":"https:\/\/alumninelamaa.fi\/","name":"Alumnin el\u00e4m\u00e4\u00e4","description":"Proakatemia Alumni Association","potentialAction":[{"@type":"SearchAction","target":{"@type":"EntryPoint","urlTemplate":"https:\/\/alumninelamaa.fi\/?s={search_term_string}"},"query-input":{"@type":"PropertyValueSpecification","valueRequired":true,"valueName":"search_term_string"}}],"inLanguage":"en-GB"}]}},"_links":{"self":[{"href":"https:\/\/alumninelamaa.fi\/en\/wp-json\/wp\/v2\/pages\/1494","targetHints":{"allow":["GET"]}}],"collection":[{"href":"https:\/\/alumninelamaa.fi\/en\/wp-json\/wp\/v2\/pages"}],"about":[{"href":"https:\/\/alumninelamaa.fi\/en\/wp-json\/wp\/v2\/types\/page"}],"author":[{"embeddable":true,"href":"https:\/\/alumninelamaa.fi\/en\/wp-json\/wp\/v2\/users\/2"}],"replies":[{"embeddable":true,"href":"https:\/\/alumninelamaa.fi\/en\/wp-json\/wp\/v2\/comments?post=1494"}],"version-history":[{"count":4,"href":"https:\/\/alumninelamaa.fi\/en\/wp-json\/wp\/v2\/pages\/1494\/revisions"}],"predecessor-version":[{"id":2137,"href":"https:\/\/alumninelamaa.fi\/en\/wp-json\/wp\/v2\/pages\/1494\/revisions\/2137"}],"wp:attachment":[{"href":"https:\/\/alumninelamaa.fi\/en\/wp-json\/wp\/v2\/media?parent=1494"}],"curies":[{"name":"wp","href":"https:\/\/api.w.org\/{rel}","templated":true}]}}