{"id":1426,"date":"2018-08-29T16:55:23","date_gmt":"2018-08-29T13:55:23","guid":{"rendered":"http:\/\/www.alumninelamaa.fi\/?page_id=1426"},"modified":"2024-04-03T19:58:18","modified_gmt":"2024-04-03T16:58:18","slug":"liity","status":"publish","type":"page","link":"https:\/\/alumninelamaa.fi\/en\/liity\/","title":{"rendered":"BECOME A SUPPORT MEMBER"},"content":{"rendered":"<p><span style=\"font-weight: 400;\">The Proacademy Alumni Association primarily offers meaningful encounters. <\/span><span style=\"font-weight: 400;\">These encounters take place e.g. alumni workshops held 6-8 times a year. In addition to the workshops, the association organizes mentoring and alumni events. In addition, the association awards scholarships to all Hall of Fame award recipients.<\/span><\/p>\n<p><span style=\"font-weight: 400;\">Resources are needed to ensure that this activity continues. We, the key alumni, run the association from love to the Proacademy and alumni. <\/span><span style=\"font-weight: 400;\">Still, love alone does not cover expenses incurred from activities, such as accounting, websites, and workshop lunches. Show your support for alumni activities by joining as a support member of the association.<\/span><\/p>\n<p>As a supporting member, you are also entitled to benefits from several alumni companies. <strong>Find out more from <a href=\"https:\/\/alumninelamaa.fi\/en\/jasenedut\/\" target=\"_blank\" rel=\"noopener\">benefits of supporting members<\/a> page!<\/strong><\/p>\n<p><b>By paying a support membership fee in <a href=\"https:\/\/kide.app\/memberships\/c86b0a06-8d6a-4032-b22f-2b9652a2df3c\" target=\"_blank\" rel=\"noopener\">Kide.app-site<\/a>, you enable alumni activities to continue in the future! Thank you for your support!<\/b><\/p>\n\n\n<div class=\"wp-block-group\"><div class=\"wp-block-group__inner-container is-layout-constrained wp-block-group-is-layout-constrained\">\n<div class=\"wp-block-columns is-layout-flex wp-container-core-columns-is-layout-9d6595d7 wp-block-columns-is-layout-flex\">\n<div class=\"wp-block-column is-layout-flow wp-block-column-is-layout-flow\">\n<figure class=\"wp-block-image size-full\"><a href=\"https:\/\/kide.app\/memberships\/c86b0a06-8d6a-4032-b22f-2b9652a2df3c\" target=\"_blank\" rel=\"noreferrer noopener\"><img loading=\"lazy\" decoding=\"async\" width=\"500\" height=\"500\" src=\"https:\/\/alumninelamaa.fi\/wp-content\/uploads\/2023\/09\/1-vuosi-1.png\" alt=\"\" class=\"wp-image-2158\" srcset=\"https:\/\/alumninelamaa.fi\/wp-content\/uploads\/2023\/09\/1-vuosi-1.png 500w, https:\/\/alumninelamaa.fi\/wp-content\/uploads\/2023\/09\/1-vuosi-1-300x300.png 300w, https:\/\/alumninelamaa.fi\/wp-content\/uploads\/2023\/09\/1-vuosi-1-150x150.png 150w, https:\/\/alumninelamaa.fi\/wp-content\/uploads\/2023\/09\/1-vuosi-1-12x12.png 12w\" sizes=\"auto, (max-width: 500px) 100vw, 500px\" \/><\/a><\/figure>\n<\/div>\n\n\n\n<div class=\"wp-block-column is-layout-flow wp-block-column-is-layout-flow\">\n<figure class=\"wp-block-image size-full\"><a href=\"https:\/\/kide.app\/memberships\/c86b0a06-8d6a-4032-b22f-2b9652a2df3c\" target=\"_blank\" rel=\"noreferrer noopener\"><img loading=\"lazy\" decoding=\"async\" width=\"500\" height=\"500\" src=\"https:\/\/alumninelamaa.fi\/wp-content\/uploads\/2023\/09\/3-vuotta-1.png\" alt=\"\" class=\"wp-image-2162\" srcset=\"https:\/\/alumninelamaa.fi\/wp-content\/uploads\/2023\/09\/3-vuotta-1.png 500w, https:\/\/alumninelamaa.fi\/wp-content\/uploads\/2023\/09\/3-vuotta-1-300x300.png 300w, https:\/\/alumninelamaa.fi\/wp-content\/uploads\/2023\/09\/3-vuotta-1-150x150.png 150w, https:\/\/alumninelamaa.fi\/wp-content\/uploads\/2023\/09\/3-vuotta-1-12x12.png 12w\" sizes=\"auto, (max-width: 500px) 100vw, 500px\" \/><\/a><\/figure>\n<\/div>\n\n\n\n<div class=\"wp-block-column is-layout-flow wp-block-column-is-layout-flow\">\n<figure class=\"wp-block-image size-full\"><a href=\"https:\/\/kide.app\/memberships\/c86b0a06-8d6a-4032-b22f-2b9652a2df3c\" target=\"_blank\" rel=\"noreferrer noopener\"><img loading=\"lazy\" decoding=\"async\" width=\"500\" height=\"500\" src=\"https:\/\/alumninelamaa.fi\/wp-content\/uploads\/2023\/09\/5-vuotta-1.png\" alt=\"\" class=\"wp-image-2157\" srcset=\"https:\/\/alumninelamaa.fi\/wp-content\/uploads\/2023\/09\/5-vuotta-1.png 500w, https:\/\/alumninelamaa.fi\/wp-content\/uploads\/2023\/09\/5-vuotta-1-300x300.png 300w, https:\/\/alumninelamaa.fi\/wp-content\/uploads\/2023\/09\/5-vuotta-1-150x150.png 150w, https:\/\/alumninelamaa.fi\/wp-content\/uploads\/2023\/09\/5-vuotta-1-12x12.png 12w\" sizes=\"auto, (max-width: 500px) 100vw, 500px\" \/><\/a><\/figure>\n<\/div>\n<\/div>\n<\/div><\/div>\n\n\n\n<figure class=\"wp-block-image size-large\"><a href=\"https:\/\/alumninelamaa.fi\/en\/kannatusjasenyys-yrityksille\/\" target=\"_blank\" rel=\"noreferrer noopener\"><img loading=\"lazy\" decoding=\"async\" width=\"1024\" height=\"213\" src=\"https:\/\/alumninelamaa.fi\/wp-content\/uploads\/2024\/03\/kannatusjasenyys-yrityksille-1-1024x213.png\" alt=\"\" class=\"wp-image-2194\" srcset=\"https:\/\/alumninelamaa.fi\/wp-content\/uploads\/2024\/03\/kannatusjasenyys-yrityksille-1-1024x213.png 1024w, https:\/\/alumninelamaa.fi\/wp-content\/uploads\/2024\/03\/kannatusjasenyys-yrityksille-1-300x63.png 300w, https:\/\/alumninelamaa.fi\/wp-content\/uploads\/2024\/03\/kannatusjasenyys-yrityksille-1-768x160.png 768w, https:\/\/alumninelamaa.fi\/wp-content\/uploads\/2024\/03\/kannatusjasenyys-yrityksille-1-1536x320.png 1536w, https:\/\/alumninelamaa.fi\/wp-content\/uploads\/2024\/03\/kannatusjasenyys-yrityksille-1-18x4.png 18w, https:\/\/alumninelamaa.fi\/wp-content\/uploads\/2024\/03\/kannatusjasenyys-yrityksille-1.png 1920w\" sizes=\"auto, (max-width: 1024px) 100vw, 1024px\" \/><\/a><\/figure>","protected":false},"excerpt":{"rendered":"<p>Proakatemian alumniyhdistys tarjoaa ensisijaisesti merkityksellisi\u00e4 kohtaamisia. N\u00e4it\u00e4 kohtaamisia tapahtuu mm. alumnipajoissa, joita j\u00e4rjestet\u00e4\u00e4n 6-8 kertaa vuodessa. Pajojen lis\u00e4ksi yhdistys j\u00e4rjest\u00e4\u00e4 mentorointia ja alumnitapahtumia. Lis\u00e4ksi yhdistys my\u00f6nt\u00e4\u00e4 stipendit kaikille Hall of &#8230;<\/p>","protected":false},"author":7,"featured_media":2124,"parent":0,"menu_order":0,"comment_status":"closed","ping_status":"closed","template":"","meta":{"footnotes":""},"class_list":["post-1426","page","type-page","status-publish","has-post-thumbnail","hentry"],"yoast_head":"<!-- This site is optimized with the Yoast SEO plugin v24.9 - https:\/\/yoast.com\/wordpress\/plugins\/seo\/ -->\n<title>LIITY KANNATUSJ\u00c4SENEKSI - Proakatemian alumniyhdistys<\/title>\n<meta name=\"robots\" content=\"index, follow, max-snippet:-1, max-image-preview:large, max-video-preview:-1\" \/>\n<link rel=\"canonical\" href=\"https:\/\/alumninelamaa.fi\/en\/liity\/\" \/>\n<meta property=\"og:locale\" content=\"en_GB\" \/>\n<meta property=\"og:type\" content=\"article\" \/>\n<meta property=\"og:title\" content=\"LIITY KANNATUSJ\u00c4SENEKSI - Proakatemian alumniyhdistys\" \/>\n<meta property=\"og:description\" content=\"Proakatemian alumniyhdistys tarjoaa ensisijaisesti merkityksellisi\u00e4 kohtaamisia. N\u00e4it\u00e4 kohtaamisia tapahtuu mm. alumnipajoissa, joita j\u00e4rjestet\u00e4\u00e4n 6-8 kertaa vuodessa. Pajojen lis\u00e4ksi yhdistys j\u00e4rjest\u00e4\u00e4 mentorointia ja alumnitapahtumia. Lis\u00e4ksi yhdistys my\u00f6nt\u00e4\u00e4 stipendit kaikille Hall of ...\" \/>\n<meta property=\"og:url\" content=\"https:\/\/alumninelamaa.fi\/en\/liity\/\" \/>\n<meta property=\"og:site_name\" content=\"Alumnin el\u00e4m\u00e4\u00e4\" \/>\n<meta property=\"article:modified_time\" content=\"2024-04-03T16:58:18+00:00\" \/>\n<meta property=\"og:image\" content=\"https:\/\/alumninelamaa.fi\/wp-content\/uploads\/2023\/05\/alumnminelamaa3.png\" \/>\n\t<meta property=\"og:image:width\" content=\"1920\" \/>\n\t<meta property=\"og:image:height\" content=\"1080\" \/>\n\t<meta property=\"og:image:type\" content=\"image\/png\" \/>\n<meta name=\"twitter:card\" content=\"summary_large_image\" \/>\n<meta name=\"twitter:label1\" content=\"Estimated reading time\" \/>\n\t<meta name=\"twitter:data1\" content=\"2 minutes\" \/>\n<script type=\"application\/ld+json\" class=\"yoast-schema-graph\">{\"@context\":\"https:\/\/schema.org\",\"@graph\":[{\"@type\":\"WebPage\",\"@id\":\"https:\/\/alumninelamaa.fi\/liity\/\",\"url\":\"https:\/\/alumninelamaa.fi\/liity\/\",\"name\":\"LIITY KANNATUSJ\u00c4SENEKSI - Proakatemian alumniyhdistys\",\"isPartOf\":{\"@id\":\"https:\/\/alumninelamaa.fi\/#website\"},\"primaryImageOfPage\":{\"@id\":\"https:\/\/alumninelamaa.fi\/liity\/#primaryimage\"},\"image\":{\"@id\":\"https:\/\/alumninelamaa.fi\/liity\/#primaryimage\"},\"thumbnailUrl\":\"https:\/\/alumninelamaa.fi\/wp-content\/uploads\/2023\/05\/alumnminelamaa3.png\",\"datePublished\":\"2018-08-29T13:55:23+00:00\",\"dateModified\":\"2024-04-03T16:58:18+00:00\",\"breadcrumb\":{\"@id\":\"https:\/\/alumninelamaa.fi\/liity\/#breadcrumb\"},\"inLanguage\":\"en-GB\",\"potentialAction\":[{\"@type\":\"ReadAction\",\"target\":[\"https:\/\/alumninelamaa.fi\/liity\/\"]}]},{\"@type\":\"ImageObject\",\"inLanguage\":\"en-GB\",\"@id\":\"https:\/\/alumninelamaa.fi\/liity\/#primaryimage\",\"url\":\"https:\/\/alumninelamaa.fi\/wp-content\/uploads\/2023\/05\/alumnminelamaa3.png\",\"contentUrl\":\"https:\/\/alumninelamaa.fi\/wp-content\/uploads\/2023\/05\/alumnminelamaa3.png\",\"width\":1920,\"height\":1080},{\"@type\":\"BreadcrumbList\",\"@id\":\"https:\/\/alumninelamaa.fi\/liity\/#breadcrumb\",\"itemListElement\":[{\"@type\":\"ListItem\",\"position\":1,\"name\":\"Etusivu\",\"item\":\"https:\/\/alumninelamaa.fi\/\"},{\"@type\":\"ListItem\",\"position\":2,\"name\":\"LIITY KANNATUSJ\u00c4SENEKSI\"}]},{\"@type\":\"WebSite\",\"@id\":\"https:\/\/alumninelamaa.fi\/#website\",\"url\":\"https:\/\/alumninelamaa.fi\/\",\"name\":\"Alumnin el\u00e4m\u00e4\u00e4\",\"description\":\"Proakatemian alumniyhdistys\",\"potentialAction\":[{\"@type\":\"SearchAction\",\"target\":{\"@type\":\"EntryPoint\",\"urlTemplate\":\"https:\/\/alumninelamaa.fi\/?s={search_term_string}\"},\"query-input\":{\"@type\":\"PropertyValueSpecification\",\"valueRequired\":true,\"valueName\":\"search_term_string\"}}],\"inLanguage\":\"en-GB\"}]}<\/script>\n<!-- \/ Yoast SEO plugin. -->","yoast_head_json":{"title":"LIITY KANNATUSJ\u00c4SENEKSI - Proakatemian alumniyhdistys","robots":{"index":"index","follow":"follow","max-snippet":"max-snippet:-1","max-image-preview":"max-image-preview:large","max-video-preview":"max-video-preview:-1"},"canonical":"https:\/\/alumninelamaa.fi\/en\/liity\/","og_locale":"en_GB","og_type":"article","og_title":"LIITY KANNATUSJ\u00c4SENEKSI - Proakatemian alumniyhdistys","og_description":"Proakatemian alumniyhdistys tarjoaa ensisijaisesti merkityksellisi\u00e4 kohtaamisia. N\u00e4it\u00e4 kohtaamisia tapahtuu mm. alumnipajoissa, joita j\u00e4rjestet\u00e4\u00e4n 6-8 kertaa vuodessa. Pajojen lis\u00e4ksi yhdistys j\u00e4rjest\u00e4\u00e4 mentorointia ja alumnitapahtumia. Lis\u00e4ksi yhdistys my\u00f6nt\u00e4\u00e4 stipendit kaikille Hall of ...","og_url":"https:\/\/alumninelamaa.fi\/en\/liity\/","og_site_name":"Alumnin el\u00e4m\u00e4\u00e4","article_modified_time":"2024-04-03T16:58:18+00:00","og_image":[{"width":1920,"height":1080,"url":"https:\/\/alumninelamaa.fi\/wp-content\/uploads\/2023\/05\/alumnminelamaa3.png","type":"image\/png"}],"twitter_card":"summary_large_image","twitter_misc":{"Estimated reading time":"2 minutes"},"schema":{"@context":"https:\/\/schema.org","@graph":[{"@type":"WebPage","@id":"https:\/\/alumninelamaa.fi\/liity\/","url":"https:\/\/alumninelamaa.fi\/liity\/","name":"LIITY KANNATUSJ\u00c4SENEKSI - Proakatemian alumniyhdistys","isPartOf":{"@id":"https:\/\/alumninelamaa.fi\/#website"},"primaryImageOfPage":{"@id":"https:\/\/alumninelamaa.fi\/liity\/#primaryimage"},"image":{"@id":"https:\/\/alumninelamaa.fi\/liity\/#primaryimage"},"thumbnailUrl":"https:\/\/alumninelamaa.fi\/wp-content\/uploads\/2023\/05\/alumnminelamaa3.png","datePublished":"2018-08-29T13:55:23+00:00","dateModified":"2024-04-03T16:58:18+00:00","breadcrumb":{"@id":"https:\/\/alumninelamaa.fi\/liity\/#breadcrumb"},"inLanguage":"en-GB","potentialAction":[{"@type":"ReadAction","target":["https:\/\/alumninelamaa.fi\/liity\/"]}]},{"@type":"ImageObject","inLanguage":"en-GB","@id":"https:\/\/alumninelamaa.fi\/liity\/#primaryimage","url":"https:\/\/alumninelamaa.fi\/wp-content\/uploads\/2023\/05\/alumnminelamaa3.png","contentUrl":"https:\/\/alumninelamaa.fi\/wp-content\/uploads\/2023\/05\/alumnminelamaa3.png","width":1920,"height":1080},{"@type":"BreadcrumbList","@id":"https:\/\/alumninelamaa.fi\/liity\/#breadcrumb","itemListElement":[{"@type":"ListItem","position":1,"name":"Etusivu","item":"https:\/\/alumninelamaa.fi\/"},{"@type":"ListItem","position":2,"name":"LIITY KANNATUSJ\u00c4SENEKSI"}]},{"@type":"WebSite","@id":"https:\/\/alumninelamaa.fi\/#website","url":"https:\/\/alumninelamaa.fi\/","name":"Alumnin el\u00e4m\u00e4\u00e4","description":"Proakatemia Alumni Association","potentialAction":[{"@type":"SearchAction","target":{"@type":"EntryPoint","urlTemplate":"https:\/\/alumninelamaa.fi\/?s={search_term_string}"},"query-input":{"@type":"PropertyValueSpecification","valueRequired":true,"valueName":"search_term_string"}}],"inLanguage":"en-GB"}]}},"_links":{"self":[{"href":"https:\/\/alumninelamaa.fi\/en\/wp-json\/wp\/v2\/pages\/1426","targetHints":{"allow":["GET"]}}],"collection":[{"href":"https:\/\/alumninelamaa.fi\/en\/wp-json\/wp\/v2\/pages"}],"about":[{"href":"https:\/\/alumninelamaa.fi\/en\/wp-json\/wp\/v2\/types\/page"}],"author":[{"embeddable":true,"href":"https:\/\/alumninelamaa.fi\/en\/wp-json\/wp\/v2\/users\/7"}],"replies":[{"embeddable":true,"href":"https:\/\/alumninelamaa.fi\/en\/wp-json\/wp\/v2\/comments?post=1426"}],"version-history":[{"count":25,"href":"https:\/\/alumninelamaa.fi\/en\/wp-json\/wp\/v2\/pages\/1426\/revisions"}],"predecessor-version":[{"id":2203,"href":"https:\/\/alumninelamaa.fi\/en\/wp-json\/wp\/v2\/pages\/1426\/revisions\/2203"}],"wp:featuredmedia":[{"embeddable":true,"href":"https:\/\/alumninelamaa.fi\/en\/wp-json\/wp\/v2\/media\/2124"}],"wp:attachment":[{"href":"https:\/\/alumninelamaa.fi\/en\/wp-json\/wp\/v2\/media?parent=1426"}],"curies":[{"name":"wp","href":"https:\/\/api.w.org\/{rel}","templated":true}]}}